{"id":591,"date":"2018-09-04T16:03:50","date_gmt":"2018-09-04T14:03:50","guid":{"rendered":"http:\/\/kstbasel.ch\/?page_id=591"},"modified":"2026-03-04T09:54:48","modified_gmt":"2026-03-04T08:54:48","slug":"sinistra","status":"publish","type":"page","link":"https:\/\/kstbasel.ch\/it\/links\/","title":{"rendered":"Link\/ Guida"},"content":{"rendered":"<div class=\"wp-block-cover alignfull is-light has-parallax wp-duotone-7c6a3d-ffffff-2\" style=\"margin-top:0;margin-bottom:0;padding-top:0;padding-right:0;padding-bottom:0;padding-left:0;min-height:95vh;aspect-ratio:unset;\"><span aria-hidden=\"true\" class=\"wp-block-cover__background has-background-dim-0 has-background-dim\"><\/span><div class=\"wp-block-cover__image-background wp-image-16856 has-parallax\" style=\"background-position:50% 50%;background-image:url(https:\/\/kstbasel.ch\/wp-content\/uploads\/2024\/11\/2024-11-12-KST-031-scaled.jpg);\"><\/div><div class=\"wp-block-cover__inner-container has-global-padding is-layout-constrained wp-container-core-cover-is-layout-481dc8fc wp-block-cover-is-layout-constrained\">\n<div class=\"wp-block-columns alignfull is-layout-flex wp-container-core-columns-is-layout-b1a3c565 wp-block-columns-is-layout-flex\" style=\"margin-top:0;margin-bottom:0;padding-top:0;padding-right:0;padding-bottom:0;padding-left:0\">\n<div class=\"wp-block-column has-background is-layout-flow wp-container-core-column-is-layout-394c5b21 wp-block-column-is-layout-flow\" style=\"background-color:#ffffff;padding-top:var(--wp--preset--spacing--40);padding-right:var(--wp--preset--spacing--40);padding-bottom:var(--wp--preset--spacing--40);padding-left:var(--wp--preset--spacing--40);flex-basis:40%\">\n<div class=\"wp-block-columns is-not-stacked-on-mobile is-layout-flex wp-container-core-columns-is-layout-28f84493 wp-block-columns-is-layout-flex\">\n<div class=\"wp-block-column is-vertically-aligned-center is-layout-flow wp-block-column-is-layout-flow\" style=\"flex-basis:33.33%\">\n<figure class=\"wp-block-image size-vp_sm wp-duotone-111111-7c6a3d-1\"><img loading=\"lazy\" decoding=\"async\" width=\"500\" height=\"500\" src=\"https:\/\/kstbasel.ch\/wp-content\/uploads\/2024\/02\/piktos-KST-04-500x500.png\" alt=\"\" class=\"wp-image-16835\" srcset=\"https:\/\/kstbasel.ch\/wp-content\/uploads\/2024\/02\/piktos-KST-04-500x500.png 500w, https:\/\/kstbasel.ch\/wp-content\/uploads\/2024\/02\/piktos-KST-04-2000x2000.png 2000w, https:\/\/kstbasel.ch\/wp-content\/uploads\/2024\/02\/piktos-KST-04-2048x2048.png 2048w, https:\/\/kstbasel.ch\/wp-content\/uploads\/2024\/02\/piktos-KST-04-1000x1000.png 1000w, https:\/\/kstbasel.ch\/wp-content\/uploads\/2024\/02\/piktos-KST-04-768x768.png 768w, https:\/\/kstbasel.ch\/wp-content\/uploads\/2024\/02\/piktos-KST-04-1536x1536.png 1536w, https:\/\/kstbasel.ch\/wp-content\/uploads\/2024\/02\/piktos-KST-04-12x12.png 12w, https:\/\/kstbasel.ch\/wp-content\/uploads\/2024\/02\/piktos-KST-04-800x800.png 800w, https:\/\/kstbasel.ch\/wp-content\/uploads\/2024\/02\/piktos-KST-04-1280x1280.png 1280w, https:\/\/kstbasel.ch\/wp-content\/uploads\/2024\/02\/piktos-KST-04-1920x1920.png 1920w\" sizes=\"auto, (max-width: 500px) 100vw, 500px\" \/><\/figure>\n<\/div>\n\n\n\n<div class=\"wp-block-column is-vertically-aligned-center is-layout-flow wp-block-column-is-layout-flow\" style=\"flex-basis:66.66%\">\n<h1 class=\"wp-block-heading alignfull has-text-align-center has-text-color has-link-color wp-elements-c813f022e11e358c70b73205f8532cf4\" id=\"h-links-ratgeber\" style=\"color:#7c6a3d\"><a href=\"https:\/\/kstbasel.ch\/it\/sinistra\/\" data-type=\"page\" data-id=\"591\">Link\/ Guida<\/a><\/h1>\n<\/div>\n<\/div>\n<\/div>\n\n\n\n<div class=\"wp-block-column is-layout-flow wp-block-column-is-layout-flow\"><\/div>\n<\/div>\n<\/div><\/div>\n\n\n\n<div class=\"wp-block-group alignfull has-background has-global-padding is-layout-constrained wp-container-core-group-is-layout-f8eb58bf wp-block-group-is-layout-constrained\" style=\"background-color:#ffffff;margin-top:0;margin-bottom:0;padding-top:var(--wp--preset--spacing--40);padding-right:var(--wp--preset--spacing--20);padding-bottom:var(--wp--preset--spacing--40);padding-left:var(--wp--preset--spacing--20)\">\n<div class=\"wp-block-columns alignwide is-layout-flex wp-container-core-columns-is-layout-28f84493 wp-block-columns-is-layout-flex\">\n<div class=\"wp-block-column is-layout-flow wp-block-column-is-layout-flow\" style=\"flex-basis:33.33%\">\n<div class=\"wp-block-group is-vertical is-layout-flex wp-container-core-group-is-layout-fe9cc265 wp-block-group-is-layout-flex\">\n<h4 class=\"wp-block-heading\" id=\"h-ratgeber\">Consulente<\/h4>\n\n\n\n<details class=\"wp-block-details is-layout-flow wp-block-details-is-layout-flow\"><summary>Disoccupato<\/summary>\n<div class=\"wp-block-file\"><a id=\"wp-block-file--media-c4f78fec-b206-4117-9a3a-9cc06a04ab6b\" href=\"https:\/\/kstbasel.ch\/wp-content\/uploads\/2026\/03\/01_KST_Broschuere_Arbeitslos_KORREKTORAT_260227.pdf\" target=\"_blank\" rel=\"noreferrer noopener\">Opuscolo sui disoccupati<\/a><a href=\"https:\/\/kstbasel.ch\/wp-content\/uploads\/2026\/03\/01_KST_Broschuere_Arbeitslos_KORREKTORAT_260227.pdf\" class=\"wp-block-file__button wp-element-button\" download aria-describedby=\"wp-block-file--media-c4f78fec-b206-4117-9a3a-9cc06a04ab6b\">Scaricare<\/a><\/div>\n<\/details>\n\n\n\n<details class=\"wp-block-details is-layout-flow wp-block-details-is-layout-flow\"><summary>Genitorialit\u00e0<\/summary>\n<div class=\"wp-block-file\"><a id=\"wp-block-file--media-f08c0d83-b670-41f4-8611-b46e3b0e9d92\" href=\"https:\/\/kstbasel.ch\/wp-content\/uploads\/2024\/10\/02_KST_Broschuere_Elternschaft_KORREKTORAT.pdf\" target=\"_blank\" rel=\"noreferrer noopener\">Opuscolo sulla genitorialit\u00e0<\/a><a href=\"https:\/\/kstbasel.ch\/wp-content\/uploads\/2024\/10\/02_KST_Broschuere_Elternschaft_KORREKTORAT.pdf\" class=\"wp-block-file__button wp-element-button\" download aria-describedby=\"wp-block-file--media-f08c0d83-b670-41f4-8611-b46e3b0e9d92\">Scaricare<\/a><\/div>\n<\/details>\n\n\n\n<details class=\"wp-block-details is-layout-flow wp-block-details-is-layout-flow\"><summary>Progetti<\/summary>\n<div class=\"wp-block-file\"><a id=\"wp-block-file--media-84307f77-aaf5-41c4-bc55-20315335ea80\" href=\"https:\/\/kstbasel.ch\/wp-content\/uploads\/2024\/10\/04_KST_Broschuere_Projekte_KORREKTORAT.pdf\" target=\"_blank\" rel=\"noreferrer noopener\">Brochure dei progetti<\/a><a href=\"https:\/\/kstbasel.ch\/wp-content\/uploads\/2024\/10\/04_KST_Broschuere_Projekte_KORREKTORAT.pdf\" class=\"wp-block-file__button wp-element-button\" download aria-describedby=\"wp-block-file--media-84307f77-aaf5-41c4-bc55-20315335ea80\">Scaricare<\/a><\/div>\n<\/details>\n<\/div>\n\n\n\n<div style=\"height:10px\" aria-hidden=\"true\" class=\"wp-block-spacer\"><\/div>\n<\/div>\n\n\n\n<div class=\"wp-block-column is-layout-flow wp-block-column-is-layout-flow\" style=\"flex-basis:33.33%\">\n<div class=\"wp-block-group is-vertical is-layout-flex wp-container-core-group-is-layout-fe9cc265 wp-block-group-is-layout-flex\">\n<h4 class=\"wp-block-heading\" id=\"h-weitere-artikel\">Altri articoli<\/h4>\n\n\n\n<details class=\"wp-block-details is-layout-flow wp-block-details-is-layout-flow\"><summary>Tutti i giorni: W\u00f6rken o lavoro<\/summary>\n<p id=\"Allt\u00e4tig\">Una nuova fase della vita, una crisi o un'incertezza nella societ\u00e0: tutto \u00e8 diverso. Il mondo \u00e8 confuso. \u00c8 come se ci trovassimo su una mappa sconosciuta. L'incertezza si diffonde e la vita quotidiana diventa poco chiara. Possiamo e vogliamo rimanere forti nonostante questi tempi incerti?<\/p>\n\n\n\n<p>Dieci persone si sono riunite nel dicembre 2022 per discutere queste domande. Si sono incontrate tre volte e hanno parlato del tema \"Efficacia in tempi di incertezza\". I loro pensieri e le loro esperienze sono stati condivisi in un podcast.<\/p>\n\n\n\n<figure class=\"wp-block-embed aligncenter is-type-rich is-provider-soundcloud wp-block-embed-soundcloud\" style=\"margin-top:0;margin-right:0;margin-bottom:0;margin-left:0\"><div class=\"wp-block-embed__wrapper\">\n<iframe loading=\"lazy\" title=\"W\u00f6rken o lavoro? di KST BASEL - PROJEKT ALLT\u00c4TIG\" width=\"500\" height=\"400\" scrolling=\"no\" frameborder=\"no\" src=\"https:\/\/w.soundcloud.com\/player\/?visual=true&#038;url=https%3A%2F%2Fapi.soundcloud.com%2Ftracks%2F1470262102&#038;show_artwork=true&#038;maxheight=750&#038;maxwidth=500\"><\/iframe>\n<\/div><\/figure>\n<\/details>\n\n\n\n<details class=\"wp-block-details is-layout-flow wp-block-details-is-layout-flow\"><summary>Contro l'incertezza<\/summary>\n<p>Dopo molti anni di ricerche, Anina Zahn ha pubblicato il suo libro. Racconta la storia dei comitati dei disoccupati in Svizzera dal 1975 al 2002 e mostra il loro operato politico.<\/p>\n\n\n\n<p><a href=\"https:\/\/www.chronos-verlag.ch\/node\/28050?external=1\" target=\"_blank\" rel=\"noreferrer noopener\">Una versione stampata del libro \u00e8 disponibile presso Chronos-Verlag.<\/a><\/p>\n\n\n\n<div class=\"wp-block-file\"><a id=\"wp-block-file--media-719eebf8-3f55-4e11-9b20-93ca346df455\" href=\"https:\/\/kstbasel.ch\/wp-content\/uploads\/2024\/02\/e-book_978-3-0340-1632-2_zahn.pdf\">Contro l'incertezza<\/a><a href=\"https:\/\/kstbasel.ch\/wp-content\/uploads\/2024\/02\/e-book_978-3-0340-1632-2_zahn.pdf\" class=\"wp-block-file__button wp-element-button\" download aria-describedby=\"wp-block-file--media-719eebf8-3f55-4e11-9b20-93ca346df455\">Scaricare<\/a><\/div>\n<\/details>\n\n\n\n<details class=\"wp-block-details is-layout-flow wp-block-details-is-layout-flow\"><summary>Collettivo Blueprint<\/summary>\n<p>Una guida per formare gruppi che lavorino insieme e in modo indipendente.<\/p>\n\n\n\n<p>Una guida semplice a domande importanti come:<\/p>\n\n\n\n<ul class=\"wp-block-list\">\n<li>Come \u00e8 organizzata un'azienda?<\/li>\n\n\n\n<li>Come prendiamo le decisioni?<\/li>\n\n\n\n<li>Come si costituisce una societ\u00e0?<\/li>\n\n\n\n<li>Come ci comportiamo con i salari?<\/li>\n<\/ul>\n\n\n\n<p>Ulteriori link e informazioni sono disponibili qui.<\/p>\n\n\n\n<div class=\"wp-block-file\"><a id=\"wp-block-file--media-e7caa083-3be4-41a1-8eaa-a96d4d011b07\" href=\"https:\/\/kstbasel.ch\/wp-content\/uploads\/2024\/02\/Blaupause_Kollektiv.pdf\">Impronta_Collettiva<\/a><a href=\"https:\/\/kstbasel.ch\/wp-content\/uploads\/2024\/02\/Blaupause_Kollektiv.pdf\" class=\"wp-block-file__button wp-element-button\" download aria-describedby=\"wp-block-file--media-e7caa083-3be4-41a1-8eaa-a96d4d011b07\">Scaricare<\/a><\/div>\n<\/details>\n\n\n\n<details class=\"wp-block-details is-layout-flow wp-block-details-is-layout-flow\"><summary>33 anni di centro di contatto per disoccupati<\/summary>\n<p>Il centro di contatto per i disoccupati esiste da 33 anni. Per celebrare questa ricorrenza \u00e8 stato scritto il seguente libro.<\/p>\n\n\n\n<div class=\"wp-block-file\"><a id=\"wp-block-file--media-f8ac3239-ab17-4a36-aa11-c7bb51dae9bf\" href=\"https:\/\/kstbasel.ch\/wp-content\/uploads\/2024\/02\/publikation_kst_anschauexemplar.pdf\">Il centro di contatto per i disoccupati<\/a><a href=\"https:\/\/kstbasel.ch\/wp-content\/uploads\/2024\/02\/publikation_kst_anschauexemplar.pdf\" class=\"wp-block-file__button wp-element-button\" download aria-describedby=\"wp-block-file--media-f8ac3239-ab17-4a36-aa11-c7bb51dae9bf\">Scaricare<\/a><\/div>\n<\/details>\n<\/div>\n\n\n\n<div style=\"height:10px\" aria-hidden=\"true\" class=\"wp-block-spacer\"><\/div>\n<\/div>\n\n\n\n<div class=\"wp-block-column is-layout-flow wp-block-column-is-layout-flow\" style=\"flex-basis:33.33%\">\n<div class=\"wp-block-group is-vertical is-layout-flex wp-container-core-group-is-layout-fe9cc265 wp-block-group-is-layout-flex\">\n<h4 class=\"wp-block-heading\" id=\"h-zeitungen\">Giornali<\/h4>\n\n\n\n<details class=\"wp-block-details is-layout-flow wp-block-details-is-layout-flow\"><summary>11.2025 alla conferenza per i rifugiati ucraini con status S<\/summary>\n<div class=\"wp-block-file\"><a id=\"wp-block-file--media-967c6ea2-fde8-45f3-ba1d-66f79b675b33\" href=\"https:\/\/kstbasel.ch\/wp-content\/uploads\/2025\/12\/BZ-Basel-06.11.2025-pages_21.pdf\">Articolo BZ del 6 novembre 2025<\/a><a href=\"https:\/\/kstbasel.ch\/wp-content\/uploads\/2025\/12\/BZ-Basel-06.11.2025-pages_21.pdf\" class=\"wp-block-file__button wp-element-button\" download aria-describedby=\"wp-block-file--media-967c6ea2-fde8-45f3-ba1d-66f79b675b33\">Scaricare<\/a><\/div>\n<\/details>\n\n\n\n<details class=\"wp-block-details is-layout-flow wp-block-details-is-layout-flow\"><summary>11.2024 in \"Insight GGG\" su 40 anni di contact center per disoccupati<\/summary>\n<div class=\"wp-block-file\"><a id=\"wp-block-file--media-9aa3ea24-6555-4b87-a8cb-2d6fedc18ac8\" href=\"https:\/\/kstbasel.ch\/wp-content\/uploads\/2024\/11\/Artikel-Zeitschrift-Einblick-GGG-40-Jahre-Kontaktstelle.pdf\">Articolo 40 anni centro di contatto<\/a><a href=\"https:\/\/kstbasel.ch\/wp-content\/uploads\/2024\/11\/Artikel-Zeitschrift-Einblick-GGG-40-Jahre-Kontaktstelle.pdf\" class=\"wp-block-file__button wp-element-button\" download aria-describedby=\"wp-block-file--media-9aa3ea24-6555-4b87-a8cb-2d6fedc18ac8\">Scaricare<\/a><\/div>\n<\/details>\n\n\n\n<details class=\"wp-block-details is-layout-flow wp-block-details-is-layout-flow\"><summary>10.2024 in \"Voce dei Sans-Papiers Basilea\" sul corso di gastronomia<\/summary>\n<div class=\"wp-block-file\"><a id=\"wp-block-file--media-f976bb80-1ed8-46d6-ae7c-117a2f2fa658\" href=\"https:\/\/kstbasel.ch\/wp-content\/uploads\/2024\/10\/24-10-Gastrokurs.pdf\">Giornale di bordo: corso di gastronomia<\/a><a href=\"https:\/\/kstbasel.ch\/wp-content\/uploads\/2024\/10\/24-10-Gastrokurs.pdf\" class=\"wp-block-file__button wp-element-button\" download aria-describedby=\"wp-block-file--media-f976bb80-1ed8-46d6-ae7c-117a2f2fa658\">Scaricare<\/a><\/div>\n<\/details>\n<\/div>\n\n\n\n<div style=\"height:10px\" aria-hidden=\"true\" class=\"wp-block-spacer\"><\/div>\n<\/div>\n<\/div>\n\n\n\n<div class=\"wp-block-columns alignwide is-layout-flex wp-container-core-columns-is-layout-28f84493 wp-block-columns-is-layout-flex\">\n<div class=\"wp-block-column is-layout-flow wp-block-column-is-layout-flow\" style=\"flex-basis:33.33%\">\n<div class=\"wp-block-group is-vertical is-layout-flex wp-container-core-group-is-layout-fe9cc265 wp-block-group-is-layout-flex\">\n<h4 class=\"wp-block-heading\" id=\"h-statuten\">Statuti<\/h4>\n\n\n\n<details class=\"wp-block-details is-layout-flow wp-block-details-is-layout-flow\"><summary>Statuti attuali<\/summary>\n<div class=\"wp-block-file\"><a id=\"wp-block-file--media-616feb3c-df3a-4a68-98a9-1c852b383c1d\" href=\"https:\/\/kstbasel.ch\/wp-content\/uploads\/2025\/05\/Ueberarbeitete-Statuten-Kontakstelle-April-2025.pdf\" target=\"_blank\" rel=\"noreferrer noopener\">Punto di contatto per gli statuti Aprile 2025<\/a><a href=\"https:\/\/kstbasel.ch\/wp-content\/uploads\/2025\/05\/Ueberarbeitete-Statuten-Kontakstelle-April-2025.pdf\" class=\"wp-block-file__button wp-element-button\" download aria-describedby=\"wp-block-file--media-616feb3c-df3a-4a68-98a9-1c852b383c1d\">Scaricare<\/a><\/div>\n<\/details>\n<\/div>\n\n\n\n<div style=\"height:10px\" aria-hidden=\"true\" class=\"wp-block-spacer\"><\/div>\n<\/div>\n\n\n\n<div class=\"wp-block-column is-layout-flow wp-block-column-is-layout-flow\" style=\"flex-basis:33.33%\">\n<div class=\"wp-block-group is-vertical is-layout-flex wp-container-core-group-is-layout-fe9cc265 wp-block-group-is-layout-flex\">\n<h4 class=\"wp-block-heading\" id=\"h-leitbild\">Dichiarazione di missione<\/h4>\n\n\n\n<details class=\"wp-block-details is-layout-flow wp-block-details-is-layout-flow\"><summary>La nostra missione<\/summary>\n<div class=\"wp-block-file\"><a id=\"wp-block-file--media-0e82105d-c730-4179-ba66-9a62094be38f\" href=\"https:\/\/kstbasel.ch\/wp-content\/uploads\/2024\/10\/Neu-LeitbildKontaktstelle19-1.pdf\" target=\"_blank\" rel=\"noreferrer noopener\">Missione del centro di contatto<\/a><a href=\"https:\/\/kstbasel.ch\/wp-content\/uploads\/2024\/10\/Neu-LeitbildKontaktstelle19-1.pdf\" class=\"wp-block-file__button wp-element-button\" download aria-describedby=\"wp-block-file--media-0e82105d-c730-4179-ba66-9a62094be38f\">Scaricare<\/a><\/div>\n<\/details>\n<\/div>\n\n\n\n<div style=\"height:10px\" aria-hidden=\"true\" class=\"wp-block-spacer\"><\/div>\n<\/div>\n\n\n\n<div class=\"wp-block-column is-layout-flow wp-block-column-is-layout-flow\" style=\"flex-basis:33.33%\">\n<div class=\"wp-block-group is-vertical is-layout-flex wp-container-core-group-is-layout-fe9cc265 wp-block-group-is-layout-flex\">\n<h4 class=\"wp-block-heading\" id=\"h-jahresberichte\">Rapporti annuali<\/h4>\n\n\n\n<details class=\"wp-block-details is-layout-flow wp-block-details-is-layout-flow\"><summary>2024<\/summary>\n<div class=\"wp-block-file\"><a id=\"wp-block-file--media-63d77c1d-da35-48d4-8920-2423125fa542\" href=\"https:\/\/kstbasel.ch\/wp-content\/uploads\/2025\/04\/kst-jahresbericht-2024-v3-spreads-1.pdf\">Relazione annuale 2024<\/a><a href=\"https:\/\/kstbasel.ch\/wp-content\/uploads\/2025\/04\/kst-jahresbericht-2024-v3-spreads-1.pdf\" class=\"wp-block-file__button wp-element-button\" download aria-describedby=\"wp-block-file--media-63d77c1d-da35-48d4-8920-2423125fa542\">Scaricare<\/a><\/div>\n<\/details>\n\n\n\n<details class=\"wp-block-details is-layout-flow wp-block-details-is-layout-flow\"><summary>2023<\/summary>\n<div class=\"wp-block-file\"><a id=\"wp-block-file--media-d1ea7cc1-2ef4-4bf0-b99a-f4f654f7a219\" href=\"https:\/\/kstbasel.ch\/wp-content\/uploads\/2024\/06\/Final-JAHRESBERICHT-digital-1.pdf\">Relazione annuale 2023<\/a><a href=\"https:\/\/kstbasel.ch\/wp-content\/uploads\/2024\/06\/Final-JAHRESBERICHT-digital-1.pdf\" class=\"wp-block-file__button wp-element-button\" download aria-describedby=\"wp-block-file--media-d1ea7cc1-2ef4-4bf0-b99a-f4f654f7a219\">Scaricare<\/a><\/div>\n<\/details>\n\n\n\n<details class=\"wp-block-details is-layout-flow wp-block-details-is-layout-flow\"><summary>2022<\/summary>\n<div class=\"wp-block-file\"><a id=\"wp-block-file--media-0c216f3f-71a1-4772-8bcf-b24b90402e7c\" href=\"https:\/\/kstbasel.ch\/wp-content\/uploads\/2023\/06\/230615_kst-JB_KORR_high.pdf\">Relazione annuale 2022<\/a><a href=\"https:\/\/kstbasel.ch\/wp-content\/uploads\/2023\/06\/230615_kst-JB_KORR_high.pdf\" class=\"wp-block-file__button wp-element-button\" download aria-describedby=\"wp-block-file--media-0c216f3f-71a1-4772-8bcf-b24b90402e7c\">Scaricare<\/a><\/div>\n<\/details>\n\n\n\n<details class=\"wp-block-details is-layout-flow wp-block-details-is-layout-flow\"><summary>2021<\/summary>\n<div class=\"wp-block-file\"><a id=\"wp-block-file--media-0c216f3f-71a1-4772-8bcf-b24b90402e7c\" href=\"https:\/\/kstbasel.ch\/wp-content\/uploads\/2024\/01\/JB-2021.pdf\">Relazione annuale 2021<\/a><a href=\"https:\/\/kstbasel.ch\/wp-content\/uploads\/2024\/01\/JB-2021.pdf\" class=\"wp-block-file__button wp-element-button\" download aria-describedby=\"wp-block-file--media-0c216f3f-71a1-4772-8bcf-b24b90402e7c\">Scaricare<\/a><\/div>\n<\/details>\n\n\n\n<details class=\"wp-block-details is-layout-flow wp-block-details-is-layout-flow\"><summary>2020<\/summary>\n<div class=\"wp-block-file\"><a id=\"wp-block-file--media-0c216f3f-71a1-4772-8bcf-b24b90402e7c\" href=\"https:\/\/kstbasel.ch\/wp-content\/uploads\/2024\/01\/JB-2020.pdf\">Relazione annuale 2020<\/a><a href=\"https:\/\/kstbasel.ch\/wp-content\/uploads\/2024\/01\/JB-2020.pdf\" class=\"wp-block-file__button wp-element-button\" download aria-describedby=\"wp-block-file--media-0c216f3f-71a1-4772-8bcf-b24b90402e7c\">Scaricare<\/a><\/div>\n<\/details>\n<\/div>\n\n\n\n<div style=\"height:10px\" aria-hidden=\"true\" class=\"wp-block-spacer\"><\/div>\n<\/div>\n<\/div>\n<\/div>","protected":false},"excerpt":{"rendered":"<p>Ratgeber Weitere Artikel Zeitungen Statuten Leitbild Jahresberichte<\/p>","protected":false},"author":13,"featured_media":16856,"parent":0,"menu_order":0,"comment_status":"closed","ping_status":"closed","template":"","meta":{"footnotes":""},"class_list":["post-591","page","type-page","status-publish","has-post-thumbnail","hentry"],"_links":{"self":[{"href":"https:\/\/kstbasel.ch\/it\/wp-json\/wp\/v2\/pages\/591","targetHints":{"allow":["GET"]}}],"collection":[{"href":"https:\/\/kstbasel.ch\/it\/wp-json\/wp\/v2\/pages"}],"about":[{"href":"https:\/\/kstbasel.ch\/it\/wp-json\/wp\/v2\/types\/page"}],"author":[{"embeddable":true,"href":"https:\/\/kstbasel.ch\/it\/wp-json\/wp\/v2\/users\/13"}],"replies":[{"embeddable":true,"href":"https:\/\/kstbasel.ch\/it\/wp-json\/wp\/v2\/comments?post=591"}],"version-history":[{"count":90,"href":"https:\/\/kstbasel.ch\/it\/wp-json\/wp\/v2\/pages\/591\/revisions"}],"predecessor-version":[{"id":18261,"href":"https:\/\/kstbasel.ch\/it\/wp-json\/wp\/v2\/pages\/591\/revisions\/18261"}],"wp:featuredmedia":[{"embeddable":true,"href":"https:\/\/kstbasel.ch\/it\/wp-json\/wp\/v2\/media\/16856"}],"wp:attachment":[{"href":"https:\/\/kstbasel.ch\/it\/wp-json\/wp\/v2\/media?parent=591"}],"curies":[{"name":"wp","href":"https:\/\/api.w.org\/{rel}","templated":true}]}}