{"id":591,"date":"2018-09-04T16:03:50","date_gmt":"2018-09-04T14:03:50","guid":{"rendered":"http:\/\/kstbasel.ch\/?page_id=591"},"modified":"2026-03-04T09:54:48","modified_gmt":"2026-03-04T08:54:48","slug":"izquierda","status":"publish","type":"page","link":"https:\/\/kstbasel.ch\/es\/links\/","title":{"rendered":"Enlaces\/ Gu\u00eda"},"content":{"rendered":"<div class=\"wp-block-cover alignfull is-light has-parallax wp-duotone-7c6a3d-ffffff-2\" style=\"margin-top:0;margin-bottom:0;padding-top:0;padding-right:0;padding-bottom:0;padding-left:0;min-height:95vh;aspect-ratio:unset;\"><span aria-hidden=\"true\" class=\"wp-block-cover__background has-background-dim-0 has-background-dim\"><\/span><div class=\"wp-block-cover__image-background wp-image-16856 has-parallax\" style=\"background-position:50% 50%;background-image:url(https:\/\/kstbasel.ch\/wp-content\/uploads\/2024\/11\/2024-11-12-KST-031-scaled.jpg);\"><\/div><div class=\"wp-block-cover__inner-container has-global-padding is-layout-constrained wp-container-core-cover-is-layout-481dc8fc wp-block-cover-is-layout-constrained\">\n<div class=\"wp-block-columns alignfull is-layout-flex wp-container-core-columns-is-layout-b1a3c565 wp-block-columns-is-layout-flex\" style=\"margin-top:0;margin-bottom:0;padding-top:0;padding-right:0;padding-bottom:0;padding-left:0\">\n<div class=\"wp-block-column has-background is-layout-flow wp-container-core-column-is-layout-394c5b21 wp-block-column-is-layout-flow\" style=\"background-color:#ffffff;padding-top:var(--wp--preset--spacing--40);padding-right:var(--wp--preset--spacing--40);padding-bottom:var(--wp--preset--spacing--40);padding-left:var(--wp--preset--spacing--40);flex-basis:40%\">\n<div class=\"wp-block-columns is-not-stacked-on-mobile is-layout-flex wp-container-core-columns-is-layout-28f84493 wp-block-columns-is-layout-flex\">\n<div class=\"wp-block-column is-vertically-aligned-center is-layout-flow wp-block-column-is-layout-flow\" style=\"flex-basis:33.33%\">\n<figure class=\"wp-block-image size-vp_sm wp-duotone-111111-7c6a3d-1\"><img loading=\"lazy\" decoding=\"async\" width=\"500\" height=\"500\" src=\"https:\/\/kstbasel.ch\/wp-content\/uploads\/2024\/02\/piktos-KST-04-500x500.png\" alt=\"\" class=\"wp-image-16835\" srcset=\"https:\/\/kstbasel.ch\/wp-content\/uploads\/2024\/02\/piktos-KST-04-500x500.png 500w, https:\/\/kstbasel.ch\/wp-content\/uploads\/2024\/02\/piktos-KST-04-2000x2000.png 2000w, https:\/\/kstbasel.ch\/wp-content\/uploads\/2024\/02\/piktos-KST-04-2048x2048.png 2048w, https:\/\/kstbasel.ch\/wp-content\/uploads\/2024\/02\/piktos-KST-04-1000x1000.png 1000w, https:\/\/kstbasel.ch\/wp-content\/uploads\/2024\/02\/piktos-KST-04-768x768.png 768w, https:\/\/kstbasel.ch\/wp-content\/uploads\/2024\/02\/piktos-KST-04-1536x1536.png 1536w, https:\/\/kstbasel.ch\/wp-content\/uploads\/2024\/02\/piktos-KST-04-12x12.png 12w, https:\/\/kstbasel.ch\/wp-content\/uploads\/2024\/02\/piktos-KST-04-800x800.png 800w, https:\/\/kstbasel.ch\/wp-content\/uploads\/2024\/02\/piktos-KST-04-1280x1280.png 1280w, https:\/\/kstbasel.ch\/wp-content\/uploads\/2024\/02\/piktos-KST-04-1920x1920.png 1920w\" sizes=\"auto, (max-width: 500px) 100vw, 500px\" \/><\/figure>\n<\/div>\n\n\n\n<div class=\"wp-block-column is-vertically-aligned-center is-layout-flow wp-block-column-is-layout-flow\" style=\"flex-basis:66.66%\">\n<h1 class=\"wp-block-heading alignfull has-text-align-center has-text-color has-link-color wp-elements-c813f022e11e358c70b73205f8532cf4\" id=\"h-links-ratgeber\" style=\"color:#7c6a3d\"><a href=\"https:\/\/kstbasel.ch\/es\/izquierda\/\" data-type=\"page\" data-id=\"591\">Enlaces\/ Gu\u00eda<\/a><\/h1>\n<\/div>\n<\/div>\n<\/div>\n\n\n\n<div class=\"wp-block-column is-layout-flow wp-block-column-is-layout-flow\"><\/div>\n<\/div>\n<\/div><\/div>\n\n\n\n<div class=\"wp-block-group alignfull has-background has-global-padding is-layout-constrained wp-container-core-group-is-layout-f8eb58bf wp-block-group-is-layout-constrained\" style=\"background-color:#ffffff;margin-top:0;margin-bottom:0;padding-top:var(--wp--preset--spacing--40);padding-right:var(--wp--preset--spacing--20);padding-bottom:var(--wp--preset--spacing--40);padding-left:var(--wp--preset--spacing--20)\">\n<div class=\"wp-block-columns alignwide is-layout-flex wp-container-core-columns-is-layout-28f84493 wp-block-columns-is-layout-flex\">\n<div class=\"wp-block-column is-layout-flow wp-block-column-is-layout-flow\" style=\"flex-basis:33.33%\">\n<div class=\"wp-block-group is-vertical is-layout-flex wp-container-core-group-is-layout-fe9cc265 wp-block-group-is-layout-flex\">\n<h4 class=\"wp-block-heading\" id=\"h-ratgeber\">Consejero<\/h4>\n\n\n\n<details class=\"wp-block-details is-layout-flow wp-block-details-is-layout-flow\"><summary>Desempleado<\/summary>\n<div class=\"wp-block-file\"><a id=\"wp-block-file--media-c4f78fec-b206-4117-9a3a-9cc06a04ab6b\" href=\"https:\/\/kstbasel.ch\/wp-content\/uploads\/2026\/03\/01_KST_Broschuere_Arbeitslos_KORREKTORAT_260227.pdf\" target=\"_blank\" rel=\"noreferrer noopener\">Folleto para desempleados<\/a><a href=\"https:\/\/kstbasel.ch\/wp-content\/uploads\/2026\/03\/01_KST_Broschuere_Arbeitslos_KORREKTORAT_260227.pdf\" class=\"wp-block-file__button wp-element-button\" download aria-describedby=\"wp-block-file--media-c4f78fec-b206-4117-9a3a-9cc06a04ab6b\">Descargar<\/a><\/div>\n<\/details>\n\n\n\n<details class=\"wp-block-details is-layout-flow wp-block-details-is-layout-flow\"><summary>Paternidad<\/summary>\n<div class=\"wp-block-file\"><a id=\"wp-block-file--media-f08c0d83-b670-41f4-8611-b46e3b0e9d92\" href=\"https:\/\/kstbasel.ch\/wp-content\/uploads\/2024\/10\/02_KST_Broschuere_Elternschaft_KORREKTORAT.pdf\" target=\"_blank\" rel=\"noreferrer noopener\">Folleto sobre paternidad<\/a><a href=\"https:\/\/kstbasel.ch\/wp-content\/uploads\/2024\/10\/02_KST_Broschuere_Elternschaft_KORREKTORAT.pdf\" class=\"wp-block-file__button wp-element-button\" download aria-describedby=\"wp-block-file--media-f08c0d83-b670-41f4-8611-b46e3b0e9d92\">Descargar<\/a><\/div>\n<\/details>\n\n\n\n<details class=\"wp-block-details is-layout-flow wp-block-details-is-layout-flow\"><summary>Proyectos<\/summary>\n<div class=\"wp-block-file\"><a id=\"wp-block-file--media-84307f77-aaf5-41c4-bc55-20315335ea80\" href=\"https:\/\/kstbasel.ch\/wp-content\/uploads\/2024\/10\/04_KST_Broschuere_Projekte_KORREKTORAT.pdf\" target=\"_blank\" rel=\"noreferrer noopener\">Folleto de proyectos<\/a><a href=\"https:\/\/kstbasel.ch\/wp-content\/uploads\/2024\/10\/04_KST_Broschuere_Projekte_KORREKTORAT.pdf\" class=\"wp-block-file__button wp-element-button\" download aria-describedby=\"wp-block-file--media-84307f77-aaf5-41c4-bc55-20315335ea80\">Descargar<\/a><\/div>\n<\/details>\n<\/div>\n\n\n\n<div style=\"height:10px\" aria-hidden=\"true\" class=\"wp-block-spacer\"><\/div>\n<\/div>\n\n\n\n<div class=\"wp-block-column is-layout-flow wp-block-column-is-layout-flow\" style=\"flex-basis:33.33%\">\n<div class=\"wp-block-group is-vertical is-layout-flex wp-container-core-group-is-layout-fe9cc265 wp-block-group-is-layout-flex\">\n<h4 class=\"wp-block-heading\" id=\"h-weitere-artikel\">Otros art\u00edculos<\/h4>\n\n\n\n<details class=\"wp-block-details is-layout-flow wp-block-details-is-layout-flow\"><summary>Todos los d\u00edas: W\u00f6rken o trabajo<\/summary>\n<p id=\"Allt\u00e4tig\">Una nueva etapa de la vida, una crisis o incertidumbre en la sociedad: todo es diferente. El mundo est\u00e1 revuelto. Es como si nos encontr\u00e1ramos en un mapa desconocido. La incertidumbre se extiende y la vida cotidiana se vuelve confusa. \u00bfPodemos y queremos seguir siendo fuertes a pesar de estos tiempos de incertidumbre?<\/p>\n\n\n\n<p>Diez personas se reunieron en diciembre de 2022 para debatir estas cuestiones. Se reunieron tres veces y hablaron sobre el tema \"Eficacia en tiempos de incertidumbre\". Sus reflexiones y experiencias se comparten en un podcast.<\/p>\n\n\n\n<figure class=\"wp-block-embed aligncenter is-type-rich is-provider-soundcloud wp-block-embed-soundcloud\" style=\"margin-top:0;margin-right:0;margin-bottom:0;margin-left:0\"><div class=\"wp-block-embed__wrapper\">\n<iframe loading=\"lazy\" title=\"\u00bfW\u00f6rken o trabajo? de KST BASEL - PROJEKT ALLT\u00c4TIG\" width=\"500\" height=\"400\" scrolling=\"no\" frameborder=\"no\" src=\"https:\/\/w.soundcloud.com\/player\/?visual=true&#038;url=https%3A%2F%2Fapi.soundcloud.com%2Ftracks%2F1470262102&#038;show_artwork=true&#038;maxheight=750&#038;maxwidth=500\"><\/iframe>\n<\/div><\/figure>\n<\/details>\n\n\n\n<details class=\"wp-block-details is-layout-flow wp-block-details-is-layout-flow\"><summary>Contra la incertidumbre<\/summary>\n<p>Tras muchos a\u00f1os de investigaci\u00f3n, Anina Zahn public\u00f3 su libro. En \u00e9l cuenta la historia de los comit\u00e9s de desempleados en Suiza de 1975 a 2002 y muestra lo que hicieron pol\u00edticamente.<\/p>\n\n\n\n<p><a href=\"https:\/\/www.chronos-verlag.ch\/node\/28050?external=1\" target=\"_blank\" rel=\"noreferrer noopener\">La versi\u00f3n impresa del libro est\u00e1 disponible en Chronos-Verlag.<\/a><\/p>\n\n\n\n<div class=\"wp-block-file\"><a id=\"wp-block-file--media-719eebf8-3f55-4e11-9b20-93ca346df455\" href=\"https:\/\/kstbasel.ch\/wp-content\/uploads\/2024\/02\/e-book_978-3-0340-1632-2_zahn.pdf\">Contra la incertidumbre<\/a><a href=\"https:\/\/kstbasel.ch\/wp-content\/uploads\/2024\/02\/e-book_978-3-0340-1632-2_zahn.pdf\" class=\"wp-block-file__button wp-element-button\" download aria-describedby=\"wp-block-file--media-719eebf8-3f55-4e11-9b20-93ca346df455\">Descargar<\/a><\/div>\n<\/details>\n\n\n\n<details class=\"wp-block-details is-layout-flow wp-block-details-is-layout-flow\"><summary>Colectivo Blueprint<\/summary>\n<p>Una gu\u00eda para formar grupos que trabajen juntos y de forma independiente.<\/p>\n\n\n\n<p>Una gu\u00eda sencilla para preguntas importantes como:<\/p>\n\n\n\n<ul class=\"wp-block-list\">\n<li>\u00bfC\u00f3mo se organiza una empresa?<\/li>\n\n\n\n<li>\u00bfC\u00f3mo tomamos las decisiones?<\/li>\n\n\n\n<li>\u00bfC\u00f3mo se crea una empresa?<\/li>\n\n\n\n<li>\u00bfC\u00f3mo tratamos los salarios?<\/li>\n<\/ul>\n\n\n\n<p>Encontrar\u00e1 m\u00e1s enlaces e informaci\u00f3n aqu\u00ed.<\/p>\n\n\n\n<div class=\"wp-block-file\"><a id=\"wp-block-file--media-e7caa083-3be4-41a1-8eaa-a96d4d011b07\" href=\"https:\/\/kstbasel.ch\/wp-content\/uploads\/2024\/02\/Blaupause_Kollektiv.pdf\">Blueprint_Collective<\/a><a href=\"https:\/\/kstbasel.ch\/wp-content\/uploads\/2024\/02\/Blaupause_Kollektiv.pdf\" class=\"wp-block-file__button wp-element-button\" download aria-describedby=\"wp-block-file--media-e7caa083-3be4-41a1-8eaa-a96d4d011b07\">Descargar<\/a><\/div>\n<\/details>\n\n\n\n<details class=\"wp-block-details is-layout-flow wp-block-details-is-layout-flow\"><summary>33 a\u00f1os de centro de contacto para desempleados<\/summary>\n<p>El centro de contacto para desempleados cumple 33 a\u00f1os. Con este motivo se ha escrito el siguiente libro.<\/p>\n\n\n\n<div class=\"wp-block-file\"><a id=\"wp-block-file--media-f8ac3239-ab17-4a36-aa11-c7bb51dae9bf\" href=\"https:\/\/kstbasel.ch\/wp-content\/uploads\/2024\/02\/publikation_kst_anschauexemplar.pdf\">El centro de contacto para desempleados<\/a><a href=\"https:\/\/kstbasel.ch\/wp-content\/uploads\/2024\/02\/publikation_kst_anschauexemplar.pdf\" class=\"wp-block-file__button wp-element-button\" download aria-describedby=\"wp-block-file--media-f8ac3239-ab17-4a36-aa11-c7bb51dae9bf\">Descargar<\/a><\/div>\n<\/details>\n<\/div>\n\n\n\n<div style=\"height:10px\" aria-hidden=\"true\" class=\"wp-block-spacer\"><\/div>\n<\/div>\n\n\n\n<div class=\"wp-block-column is-layout-flow wp-block-column-is-layout-flow\" style=\"flex-basis:33.33%\">\n<div class=\"wp-block-group is-vertical is-layout-flex wp-container-core-group-is-layout-fe9cc265 wp-block-group-is-layout-flex\">\n<h4 class=\"wp-block-heading\" id=\"h-zeitungen\">Peri\u00f3dicos<\/h4>\n\n\n\n<details class=\"wp-block-details is-layout-flow wp-block-details-is-layout-flow\"><summary>11.2025 a la conferencia para refugiados ucranianos con estatuto S<\/summary>\n<div class=\"wp-block-file\"><a id=\"wp-block-file--media-967c6ea2-fde8-45f3-ba1d-66f79b675b33\" href=\"https:\/\/kstbasel.ch\/wp-content\/uploads\/2025\/12\/BZ-Basel-06.11.2025-pages_21.pdf\">Art\u00edculo de BZ del 6 de noviembre de 2025<\/a><a href=\"https:\/\/kstbasel.ch\/wp-content\/uploads\/2025\/12\/BZ-Basel-06.11.2025-pages_21.pdf\" class=\"wp-block-file__button wp-element-button\" download aria-describedby=\"wp-block-file--media-967c6ea2-fde8-45f3-ba1d-66f79b675b33\">Descargar<\/a><\/div>\n<\/details>\n\n\n\n<details class=\"wp-block-details is-layout-flow wp-block-details-is-layout-flow\"><summary>11.2024 en \"Insight GGG\" sobre 40 a\u00f1os de centro de contacto para desempleados<\/summary>\n<div class=\"wp-block-file\"><a id=\"wp-block-file--media-9aa3ea24-6555-4b87-a8cb-2d6fedc18ac8\" href=\"https:\/\/kstbasel.ch\/wp-content\/uploads\/2024\/11\/Artikel-Zeitschrift-Einblick-GGG-40-Jahre-Kontaktstelle.pdf\">Art\u00edculo 40 a\u00f1os centro de contacto<\/a><a href=\"https:\/\/kstbasel.ch\/wp-content\/uploads\/2024\/11\/Artikel-Zeitschrift-Einblick-GGG-40-Jahre-Kontaktstelle.pdf\" class=\"wp-block-file__button wp-element-button\" download aria-describedby=\"wp-block-file--media-9aa3ea24-6555-4b87-a8cb-2d6fedc18ac8\">Descargar<\/a><\/div>\n<\/details>\n\n\n\n<details class=\"wp-block-details is-layout-flow wp-block-details-is-layout-flow\"><summary>10.2024 en \"La Voz de los Sans-Papiers Basilea\" sobre el curso de gastronom\u00eda<\/summary>\n<div class=\"wp-block-file\"><a id=\"wp-block-file--media-f976bb80-1ed8-46d6-ae7c-117a2f2fa658\" href=\"https:\/\/kstbasel.ch\/wp-content\/uploads\/2024\/10\/24-10-Gastrokurs.pdf\">Reportaje period\u00edstico curso de gastronom\u00eda<\/a><a href=\"https:\/\/kstbasel.ch\/wp-content\/uploads\/2024\/10\/24-10-Gastrokurs.pdf\" class=\"wp-block-file__button wp-element-button\" download aria-describedby=\"wp-block-file--media-f976bb80-1ed8-46d6-ae7c-117a2f2fa658\">Descargar<\/a><\/div>\n<\/details>\n<\/div>\n\n\n\n<div style=\"height:10px\" aria-hidden=\"true\" class=\"wp-block-spacer\"><\/div>\n<\/div>\n<\/div>\n\n\n\n<div class=\"wp-block-columns alignwide is-layout-flex wp-container-core-columns-is-layout-28f84493 wp-block-columns-is-layout-flex\">\n<div class=\"wp-block-column is-layout-flow wp-block-column-is-layout-flow\" style=\"flex-basis:33.33%\">\n<div class=\"wp-block-group is-vertical is-layout-flex wp-container-core-group-is-layout-fe9cc265 wp-block-group-is-layout-flex\">\n<h4 class=\"wp-block-heading\" id=\"h-statuten\">Estatutos<\/h4>\n\n\n\n<details class=\"wp-block-details is-layout-flow wp-block-details-is-layout-flow\"><summary>Estatutos vigentes<\/summary>\n<div class=\"wp-block-file\"><a id=\"wp-block-file--media-616feb3c-df3a-4a68-98a9-1c852b383c1d\" href=\"https:\/\/kstbasel.ch\/wp-content\/uploads\/2025\/05\/Ueberarbeitete-Statuten-Kontakstelle-April-2025.pdf\" target=\"_blank\" rel=\"noreferrer noopener\">Punto de contacto de los Estatutos Abril de 2025<\/a><a href=\"https:\/\/kstbasel.ch\/wp-content\/uploads\/2025\/05\/Ueberarbeitete-Statuten-Kontakstelle-April-2025.pdf\" class=\"wp-block-file__button wp-element-button\" download aria-describedby=\"wp-block-file--media-616feb3c-df3a-4a68-98a9-1c852b383c1d\">Descargar<\/a><\/div>\n<\/details>\n<\/div>\n\n\n\n<div style=\"height:10px\" aria-hidden=\"true\" class=\"wp-block-spacer\"><\/div>\n<\/div>\n\n\n\n<div class=\"wp-block-column is-layout-flow wp-block-column-is-layout-flow\" style=\"flex-basis:33.33%\">\n<div class=\"wp-block-group is-vertical is-layout-flex wp-container-core-group-is-layout-fe9cc265 wp-block-group-is-layout-flex\">\n<h4 class=\"wp-block-heading\" id=\"h-leitbild\">Declaraci\u00f3n de objetivos<\/h4>\n\n\n\n<details class=\"wp-block-details is-layout-flow wp-block-details-is-layout-flow\"><summary>Nuestra misi\u00f3n<\/summary>\n<div class=\"wp-block-file\"><a id=\"wp-block-file--media-0e82105d-c730-4179-ba66-9a62094be38f\" href=\"https:\/\/kstbasel.ch\/wp-content\/uploads\/2024\/10\/Neu-LeitbildKontaktstelle19-1.pdf\" target=\"_blank\" rel=\"noreferrer noopener\">Misi\u00f3n del centro de contacto<\/a><a href=\"https:\/\/kstbasel.ch\/wp-content\/uploads\/2024\/10\/Neu-LeitbildKontaktstelle19-1.pdf\" class=\"wp-block-file__button wp-element-button\" download aria-describedby=\"wp-block-file--media-0e82105d-c730-4179-ba66-9a62094be38f\">Descargar<\/a><\/div>\n<\/details>\n<\/div>\n\n\n\n<div style=\"height:10px\" aria-hidden=\"true\" class=\"wp-block-spacer\"><\/div>\n<\/div>\n\n\n\n<div class=\"wp-block-column is-layout-flow wp-block-column-is-layout-flow\" style=\"flex-basis:33.33%\">\n<div class=\"wp-block-group is-vertical is-layout-flex wp-container-core-group-is-layout-fe9cc265 wp-block-group-is-layout-flex\">\n<h4 class=\"wp-block-heading\" id=\"h-jahresberichte\">Informes anuales<\/h4>\n\n\n\n<details class=\"wp-block-details is-layout-flow wp-block-details-is-layout-flow\"><summary>2024<\/summary>\n<div class=\"wp-block-file\"><a id=\"wp-block-file--media-63d77c1d-da35-48d4-8920-2423125fa542\" href=\"https:\/\/kstbasel.ch\/wp-content\/uploads\/2025\/04\/kst-jahresbericht-2024-v3-spreads-1.pdf\">Informe anual 2024<\/a><a href=\"https:\/\/kstbasel.ch\/wp-content\/uploads\/2025\/04\/kst-jahresbericht-2024-v3-spreads-1.pdf\" class=\"wp-block-file__button wp-element-button\" download aria-describedby=\"wp-block-file--media-63d77c1d-da35-48d4-8920-2423125fa542\">Descargar<\/a><\/div>\n<\/details>\n\n\n\n<details class=\"wp-block-details is-layout-flow wp-block-details-is-layout-flow\"><summary>2023<\/summary>\n<div class=\"wp-block-file\"><a id=\"wp-block-file--media-d1ea7cc1-2ef4-4bf0-b99a-f4f654f7a219\" href=\"https:\/\/kstbasel.ch\/wp-content\/uploads\/2024\/06\/Final-JAHRESBERICHT-digital-1.pdf\">Informe anual 2023<\/a><a href=\"https:\/\/kstbasel.ch\/wp-content\/uploads\/2024\/06\/Final-JAHRESBERICHT-digital-1.pdf\" class=\"wp-block-file__button wp-element-button\" download aria-describedby=\"wp-block-file--media-d1ea7cc1-2ef4-4bf0-b99a-f4f654f7a219\">Descargar<\/a><\/div>\n<\/details>\n\n\n\n<details class=\"wp-block-details is-layout-flow wp-block-details-is-layout-flow\"><summary>2022<\/summary>\n<div class=\"wp-block-file\"><a id=\"wp-block-file--media-0c216f3f-71a1-4772-8bcf-b24b90402e7c\" href=\"https:\/\/kstbasel.ch\/wp-content\/uploads\/2023\/06\/230615_kst-JB_KORR_high.pdf\">Informe anual 2022<\/a><a href=\"https:\/\/kstbasel.ch\/wp-content\/uploads\/2023\/06\/230615_kst-JB_KORR_high.pdf\" class=\"wp-block-file__button wp-element-button\" download aria-describedby=\"wp-block-file--media-0c216f3f-71a1-4772-8bcf-b24b90402e7c\">Descargar<\/a><\/div>\n<\/details>\n\n\n\n<details class=\"wp-block-details is-layout-flow wp-block-details-is-layout-flow\"><summary>2021<\/summary>\n<div class=\"wp-block-file\"><a id=\"wp-block-file--media-0c216f3f-71a1-4772-8bcf-b24b90402e7c\" href=\"https:\/\/kstbasel.ch\/wp-content\/uploads\/2024\/01\/JB-2021.pdf\">Informe anual 2021<\/a><a href=\"https:\/\/kstbasel.ch\/wp-content\/uploads\/2024\/01\/JB-2021.pdf\" class=\"wp-block-file__button wp-element-button\" download aria-describedby=\"wp-block-file--media-0c216f3f-71a1-4772-8bcf-b24b90402e7c\">Descargar<\/a><\/div>\n<\/details>\n\n\n\n<details class=\"wp-block-details is-layout-flow wp-block-details-is-layout-flow\"><summary>2020<\/summary>\n<div class=\"wp-block-file\"><a id=\"wp-block-file--media-0c216f3f-71a1-4772-8bcf-b24b90402e7c\" href=\"https:\/\/kstbasel.ch\/wp-content\/uploads\/2024\/01\/JB-2020.pdf\">Informe anual 2020<\/a><a href=\"https:\/\/kstbasel.ch\/wp-content\/uploads\/2024\/01\/JB-2020.pdf\" class=\"wp-block-file__button wp-element-button\" download aria-describedby=\"wp-block-file--media-0c216f3f-71a1-4772-8bcf-b24b90402e7c\">Descargar<\/a><\/div>\n<\/details>\n<\/div>\n\n\n\n<div style=\"height:10px\" aria-hidden=\"true\" class=\"wp-block-spacer\"><\/div>\n<\/div>\n<\/div>\n<\/div>","protected":false},"excerpt":{"rendered":"<p>Ratgeber Weitere Artikel Zeitungen Statuten Leitbild Jahresberichte<\/p>","protected":false},"author":13,"featured_media":16856,"parent":0,"menu_order":0,"comment_status":"closed","ping_status":"closed","template":"","meta":{"footnotes":""},"class_list":["post-591","page","type-page","status-publish","has-post-thumbnail","hentry"],"_links":{"self":[{"href":"https:\/\/kstbasel.ch\/es\/wp-json\/wp\/v2\/pages\/591","targetHints":{"allow":["GET"]}}],"collection":[{"href":"https:\/\/kstbasel.ch\/es\/wp-json\/wp\/v2\/pages"}],"about":[{"href":"https:\/\/kstbasel.ch\/es\/wp-json\/wp\/v2\/types\/page"}],"author":[{"embeddable":true,"href":"https:\/\/kstbasel.ch\/es\/wp-json\/wp\/v2\/users\/13"}],"replies":[{"embeddable":true,"href":"https:\/\/kstbasel.ch\/es\/wp-json\/wp\/v2\/comments?post=591"}],"version-history":[{"count":90,"href":"https:\/\/kstbasel.ch\/es\/wp-json\/wp\/v2\/pages\/591\/revisions"}],"predecessor-version":[{"id":18261,"href":"https:\/\/kstbasel.ch\/es\/wp-json\/wp\/v2\/pages\/591\/revisions\/18261"}],"wp:featuredmedia":[{"embeddable":true,"href":"https:\/\/kstbasel.ch\/es\/wp-json\/wp\/v2\/media\/16856"}],"wp:attachment":[{"href":"https:\/\/kstbasel.ch\/es\/wp-json\/wp\/v2\/media?parent=591"}],"curies":[{"name":"wp","href":"https:\/\/api.w.org\/{rel}","templated":true}]}}