{"id":15918,"date":"2024-02-10T16:38:23","date_gmt":"2024-02-10T15:38:23","guid":{"rendered":"https:\/\/kstbasel.ch\/?page_id=15918"},"modified":"2026-02-05T23:03:11","modified_gmt":"2026-02-05T22:03:11","slug":"startseite","status":"publish","type":"page","link":"https:\/\/kstbasel.ch\/es\/","title":{"rendered":"P\u00e1gina de inicio"},"content":{"rendered":"<div class=\"wp-block-cover alignfull has-parallax wp-duotone-111111-a53447-3\" style=\"margin-top:0;margin-bottom:0;padding-top:0;padding-right:0;padding-bottom:0;padding-left:0;min-height:100vh;aspect-ratio:unset;\"><span aria-hidden=\"true\" class=\"wp-block-cover__background has-background-dim-0 has-background-dim\"><\/span><div class=\"wp-block-cover__image-background wp-image-15610 has-parallax\" style=\"background-position:50% 50%;background-image:url(https:\/\/kstbasel.ch\/wp-content\/uploads\/2024\/01\/WhatsApp-Image-2024-01-30-at-10.26.21-1.jpeg)\"><\/div><div class=\"wp-block-cover__inner-container has-global-padding is-layout-constrained wp-container-core-cover-is-layout-481dc8fc wp-block-cover-is-layout-constrained\">\n<div class=\"wp-block-columns alignfull is-layout-flex wp-container-core-columns-is-layout-b1a3c565 wp-block-columns-is-layout-flex\" style=\"margin-top:0;margin-bottom:0;padding-top:0;padding-right:0;padding-bottom:0;padding-left:0\">\n<div class=\"wp-block-column has-base-2-background-color has-background is-layout-flow wp-container-core-column-is-layout-34c42112 wp-block-column-is-layout-flow\" style=\"padding-top:var(--wp--preset--spacing--30);padding-right:var(--wp--preset--spacing--40);padding-bottom:var(--wp--preset--spacing--30);padding-left:var(--wp--preset--spacing--40);flex-basis:40%\"><h1 style=\"font-style:normal;font-weight:700;\" class=\"has-link-color wp-elements-374a0e0c537bb8eafcf0eea5f59a7508 wp-block-site-title has-text-color has-contrast-3-color has-x-large-font-size\"><a href=\"https:\/\/kstbasel.ch\/es\" target=\"_self\" rel=\"home\">Kontaktstelle f\u00fcr Arbeitslose<\/a><\/h1>\n\n\n<div style=\"height:1.25rem\" aria-hidden=\"true\" class=\"wp-block-spacer\"><\/div>\n\n\n\n<p class=\"has-contrast-3-color has-text-color has-link-color wp-elements-d45b3b31a577a359fb3b6d59a8567516\" style=\"font-size:clamp(0.929rem, 0.929rem + ((1vw - 0.2rem) * 0.589), 1.4rem);\">Asesoramiento y proyectos sobre trabajo, desempleo y seguridad de los medios de subsistencia<\/p>\n\n\n\n<div style=\"height:1.25rem\" aria-hidden=\"true\" class=\"wp-block-spacer\"><\/div>\n\n\n\n<p class=\"has-contrast-color has-text-color has-link-color wp-elements-59e2f92cea90a3ca2cdb9d22ecd8aee0\">Nos tomamos el tiempo necesario para responder a sus preguntas y ayudarle incluso con problemas complejos.<\/p>\n\n\n\n<div style=\"height:1.25rem\" aria-hidden=\"true\" class=\"wp-block-spacer\"><\/div>\n\n\n\n<div class=\"wp-block-buttons is-nowrap is-layout-flex wp-container-core-buttons-is-layout-6c531013 wp-block-buttons-is-layout-flex\">\n<div class=\"wp-block-button has-custom-font-size is-style-outline is-style-outline--1\" style=\"font-size:clamp(14px, 0.875rem + ((1vw - 3.2px) * 0.156), 16px);font-style:normal;font-weight:600;letter-spacing:0px;text-transform:uppercase\"><a class=\"wp-block-button__link has-contrast-color has-text-color wp-element-button\" href=\"https:\/\/kstbasel.ch\/es\/acerca-de-nosotros\/\" style=\"padding-top:24px;padding-right:48px;padding-bottom:24px;padding-left:48px\">Qui\u00e9nes somos<\/a><\/div>\n\n\n\n<div class=\"wp-block-button has-custom-font-size is-style-outline is-style-outline--2\" style=\"font-size:clamp(14px, 0.875rem + ((1vw - 3.2px) * 0.156), 16px);font-style:normal;font-weight:600;letter-spacing:0px;text-transform:uppercase\"><a class=\"wp-block-button__link has-contrast-3-color has-custom-elternschaft-pink-background-color has-text-color has-background has-link-color has-border-color has-contrast-3-border-color wp-element-button\" href=\"https:\/\/kstbasel.ch\/es\/termin-buchen\/\" style=\"padding-top:24px;padding-right:48px;padding-bottom:24px;padding-left:48px\">RESERVAR una consulta<\/a><\/div>\n<\/div>\n<\/div>\n\n\n\n<div class=\"wp-block-column is-layout-flow wp-block-column-is-layout-flow\"><\/div>\n<\/div>\n<\/div><\/div>\n\n\n\n<section class=\"wp-block-group alignfull has-base-2-background-color has-background has-global-padding is-layout-constrained wp-container-core-group-is-layout-669513ed wp-block-group-is-layout-constrained\" id=\"Angebot\" style=\"margin-top:0;margin-bottom:0;padding-top:var(--wp--preset--spacing--50);padding-right:var(--wp--preset--spacing--50);padding-bottom:var(--wp--preset--spacing--50);padding-left:var(--wp--preset--spacing--50)\">\n<div class=\"wp-block-group is-vertical is-content-justification-center is-layout-flex wp-container-core-group-is-layout-52b864f0 wp-block-group-is-layout-flex\">\n<h2 class=\"wp-block-heading has-text-align-center is-style-default\">El centro especializado en cuestiones de trabajo, desempleo y seguridad de los medios de subsistencia<\/h2>\n\n\n\n<div style=\"height:0px\" aria-hidden=\"true\" class=\"wp-block-spacer wp-container-content-4f2ccadb\"><\/div>\n\n\n\n<p class=\"has-text-align-center\">Asesoramiento y proyectos sobre trabajo, desempleo y seguridad de los medios de subsistencia.<\/p>\n<\/div>\n\n\n\n<div style=\"margin-top:0;margin-bottom:0;height:var(--wp--preset--spacing--40)\" aria-hidden=\"true\" class=\"wp-block-spacer\"><\/div>\n\n\n\n<div class=\"wp-block-columns alignwide is-layout-flex wp-container-core-columns-is-layout-d0bbbce0 wp-block-columns-is-layout-flex\">\n<div class=\"wp-block-column has-border-color has-contrast-3-border-color has-background is-layout-flow wp-container-core-column-is-layout-ed689887 wp-block-column-is-layout-flow\" style=\"background-color:#ffffff;padding-top:var(--wp--preset--spacing--40);padding-right:var(--wp--preset--spacing--30);padding-bottom:var(--wp--preset--spacing--40);padding-left:var(--wp--preset--spacing--30)\">\n<h3 class=\"wp-block-heading has-text-align-left is-style-default has-contrast-3-color has-text-color has-link-color has-body-font-family has-large-font-size wp-elements-6e861ac70010cd82106e25a947a4fa6c\" style=\"font-style:normal;font-weight:600\"><a href=\"https:\/\/kstbasel.ch\/es\/beratung-2\/?external=1\">Asesoramiento<\/a><\/h3>\n\n\n\n<p class=\"has-text-align-left\"><a href=\"https:\/\/kstbasel.ch\/es\/beratung-2\/?external=1\">Asesoramos sobre cuestiones relacionadas con el trabajo, el desempleo y la seguridad de los medios de subsistencia.<\/a>.<\/p>\n<\/div>\n\n\n\n<div class=\"wp-block-column has-border-color has-contrast-3-border-color has-background is-layout-flow wp-container-core-column-is-layout-ed689887 wp-block-column-is-layout-flow\" style=\"background-color:#ffffff;padding-top:var(--wp--preset--spacing--40);padding-right:var(--wp--preset--spacing--30);padding-bottom:var(--wp--preset--spacing--40);padding-left:var(--wp--preset--spacing--30)\">\n<h3 class=\"wp-block-heading has-text-align-left is-style-default has-contrast-3-color has-text-color has-link-color has-body-font-family has-large-font-size wp-elements-c104e061c0d8d4cfffe18461ff021e85\" style=\"font-style:normal;font-weight:600\"><a href=\"https:\/\/kstbasel.ch\/es\/projekte-2\/?external=1\">Proyectos<\/a><\/h3>\n\n\n\n<p class=\"has-text-align-left\"><a href=\"https:\/\/kstbasel.ch\/es\/projekte-2\/?external=1\">Realizamos proyectos conjuntos de autoayuda en la zona de Basilea<\/a>.<\/p>\n<\/div>\n\n\n\n<div class=\"wp-block-column has-border-color has-contrast-3-border-color has-background is-layout-flow wp-container-core-column-is-layout-ed689887 wp-block-column-is-layout-flow\" style=\"background-color:#ffffff;padding-top:var(--wp--preset--spacing--40);padding-right:var(--wp--preset--spacing--30);padding-bottom:var(--wp--preset--spacing--40);padding-left:var(--wp--preset--spacing--30)\">\n<h3 class=\"wp-block-heading has-text-align-left is-style-default has-contrast-3-color has-text-color has-link-color has-body-font-family has-large-font-size wp-elements-36f6e23a4d52082ca8b0bdfd14728bc6\" style=\"font-style:normal;font-weight:600\"><a href=\"https:\/\/kstbasel.ch\/es\/acerca-de-nosotros\/\" data-type=\"page\" data-id=\"15751\">Qui\u00e9nes somos<\/a><\/h3>\n\n\n\n<p class=\"has-text-align-left\"><a href=\"https:\/\/kstbasel.ch\/es\/ueber-uns-v2\/?external=1\">M\u00e1s informaci\u00f3n sobre nosotros, la organizaci\u00f3n y las personas que trabajan aqu\u00ed<\/a>.<\/p>\n<\/div>\n<\/div>\n<\/section>\n\n\n\n<div class=\"wp-block-group alignfull has-background has-global-padding is-layout-constrained wp-container-core-group-is-layout-d89aad35 wp-block-group-is-layout-constrained\" style=\"background-color:#ffffff;margin-top:0;margin-bottom:0;padding-top:var(--wp--preset--spacing--50);padding-right:var(--wp--preset--spacing--50);padding-bottom:var(--wp--preset--spacing--50);padding-left:var(--wp--preset--spacing--50)\">\n<div class=\"wp-block-columns alignwide is-layout-flex wp-container-core-columns-is-layout-28f84493 wp-block-columns-is-layout-flex\">\n<div class=\"wp-block-column is-layout-flow wp-block-column-is-layout-flow\" style=\"flex-basis:25%\">\n<h2 class=\"wp-block-heading has-text-align-left\">Fechas<\/h2>\n<\/div>\n\n\n\n<div class=\"wp-block-column is-layout-flow wp-block-column-is-layout-flow\" style=\"flex-basis:75%\">\n<div class=\"events-list\"><div class=\"event-item\"><div class=\"event-item-body\"><div class=\"title-container\"><div class=\"time-event\"><span>25.<\/span><span>Abr <span style=\"font-size: 16px; font-weight: 400;\">2026<\/span><\/span><\/div><div class=\"content\" style=\"width: 80%;\"><h3>Venta de jab\u00f3n Matth\u00e4usmarkt<\/h3><\/div><\/div><ul class=\"info-container\"><li>\n                                <svg style=\"width: 14px; height: auto; margin: 4px;\" xmlns=\"http:\/\/www.w3.org\/2000\/svg\" width=\"30\" height=\"30\" viewbox=\"0 0 30 30\">\n                                    <g id=\"time\" transform=\"translate(-1245 -582)\">\n                                        <g id=\"Ellipse_421\" transform=\"translate(1245 582)\" fill=\"none\" stroke=\"#352f2f\" stroke-width=\"2\">\n                                            <circle cx=\"15\" cy=\"15\" r=\"14\" \/>\n                                        <\/g>\n                                        <g id=\"Gruppe_841\">\n                                            <line y2=\"8\" transform=\"translate(1260 589.5)\" stroke=\"#352f2f\" stroke-linecap=\"round\" stroke-width=\"2\" \/>\n                                            <line x1=\"6.5\" transform=\"translate(1260 597.5)\" stroke=\"#352f2f\" stroke-linecap=\"round\" stroke-width=\"2\" \/>\n                                        <\/g>\n                                        <circle cx=\"1.5\" cy=\"1.5\" r=\"1.5\" transform=\"translate(1259 596)\" fill=\"#d80600\" \/>\n                                    <\/g>\n                                <\/svg>10:00 UHR - 16:00 UHR<\/li><li>\n                                <svg style=\"width: 14px;height: auto;margin: 4px;\" xmlns=\"http:\/\/www.w3.org\/2000\/svg\" width=\"30\" height=\"30\" viewbox=\"0 0 30 30\">\n                                    <g id=\"location_name\" transform=\"translate(-1245 -582)\">\n                                        <g id=\"Ellipse_421\" transform=\"translate(1245 582)\" fill=\"none\" stroke=\"#352f2f\" stroke-width=\"2\">\n                                           \n                                            <circle cx=\"15\" cy=\"15\" r=\"14\" \/>\n                                        <\/g>\n                                        <g id=\"Ellipse_422\" transform=\"translate(1255 592)\" fill=\"none\" stroke=\"#d80600\" stroke-width=\"2\">\n                                            <circle cx=\"5\" cy=\"5\" r=\"5\" \/>\n                                            <circle cx=\"5\" cy=\"5\" r=\"4\" \/>\n                                        <\/g>\n                                    <\/g>\n                                <\/svg>Plaza de San Mateo<\/li><\/ul><\/div><div class=\"black-sea-button block-button\"><a class=\"element-button\" href=\"https:\/\/kstbasel.ch\/es\/event\/seifenverkauf-auf-dem-matthaeusmarkt\/\">Seguir leyendo<\/a><\/div><\/div><div class=\"event-item\"><div class=\"event-item-body\"><div class=\"title-container\"><div class=\"time-event\"><span>05.<\/span><span>Jun <span style=\"font-size: 16px; font-weight: 400;\">2026<\/span><\/span><\/div><div class=\"content\" style=\"width: 80%;\"><h3>Basilea Insight<\/h3><\/div><\/div><ul class=\"info-container\"><li>\n                                <svg style=\"width: 14px; height: auto; margin: 4px;\" xmlns=\"http:\/\/www.w3.org\/2000\/svg\" width=\"30\" height=\"30\" viewbox=\"0 0 30 30\">\n                                    <g id=\"time\" transform=\"translate(-1245 -582)\">\n                                        <g id=\"Ellipse_421\" transform=\"translate(1245 582)\" fill=\"none\" stroke=\"#352f2f\" stroke-width=\"2\">\n                                            <circle cx=\"15\" cy=\"15\" r=\"14\" \/>\n                                        <\/g>\n                                        <g id=\"Gruppe_841\">\n                                            <line y2=\"8\" transform=\"translate(1260 589.5)\" stroke=\"#352f2f\" stroke-linecap=\"round\" stroke-width=\"2\" \/>\n                                            <line x1=\"6.5\" transform=\"translate(1260 597.5)\" stroke=\"#352f2f\" stroke-linecap=\"round\" stroke-width=\"2\" \/>\n                                        <\/g>\n                                        <circle cx=\"1.5\" cy=\"1.5\" r=\"1.5\" transform=\"translate(1259 596)\" fill=\"#d80600\" \/>\n                                    <\/g>\n                                <\/svg>12:00 UHR - 20:00 UHR<\/li><\/ul><\/div><div class=\"black-sea-button block-button\"><a class=\"element-button\" href=\"https:\/\/kstbasel.ch\/es\/event\/einblick-basel\/\">Seguir leyendo<\/a><\/div><\/div><div class=\"event-item\"><div class=\"event-item-body\"><div class=\"title-container\"><div class=\"time-event\"><span>13.<\/span><span>Jun <span style=\"font-size: 16px; font-weight: 400;\">2026<\/span><\/span><\/div><div class=\"content\" style=\"width: 80%;\"><h3>Viaje por la paz<\/h3><\/div><\/div><ul class=\"info-container\"><\/ul><\/div><div class=\"black-sea-button block-button\"><a class=\"element-button\" href=\"https:\/\/kstbasel.ch\/es\/event\/vorankuendigung-reise-fuer-den-frieden\/\">Seguir leyendo<\/a><\/div><\/div><\/div>\n<\/div>\n<\/div>\n<\/div>\n\n\n\n<div class=\"wp-block-group alignfull has-global-padding is-layout-constrained wp-container-core-group-is-layout-d89aad35 wp-block-group-is-layout-constrained\" style=\"margin-top:0;margin-bottom:0;padding-top:var(--wp--preset--spacing--50);padding-right:var(--wp--preset--spacing--50);padding-bottom:var(--wp--preset--spacing--50);padding-left:var(--wp--preset--spacing--50)\">\n<div class=\"wp-block-columns alignwide is-layout-flex wp-container-core-columns-is-layout-28f84493 wp-block-columns-is-layout-flex\">\n<div class=\"wp-block-column is-layout-flow wp-block-column-is-layout-flow\" style=\"flex-basis:33.33%\">\n<h2 class=\"wp-block-heading has-text-align-left has-x-large-font-size\">\u00daltimas noticias<\/h2>\n<\/div>\n\n\n\n<div class=\"wp-block-column is-layout-flow wp-block-column-is-layout-flow\" style=\"flex-basis:75%\">\n<div class=\"wp-block-columns is-layout-flex wp-container-core-columns-is-layout-28f84493 wp-block-columns-is-layout-flex\">\n<div class=\"wp-block-column is-vertically-aligned-bottom is-layout-flow wp-block-column-is-layout-flow\" style=\"flex-basis:20%\"><\/div>\n\n\n\n<div class=\"wp-block-column is-layout-flow wp-block-column-is-layout-flow\" style=\"flex-basis:60%\"><ul class=\"wp-block-latest-posts__list is-grid columns-2 wp-block-latest-posts\"><\/ul><\/div>\n\n\n\n<div class=\"wp-block-column is-vertically-aligned-bottom is-layout-flow wp-block-column-is-layout-flow\" style=\"flex-basis:20%\"><\/div>\n<\/div>\n<\/div>\n<\/div>\n<\/div>\n\n\n\n<div class=\"wp-block-group alignfull has-background has-global-padding is-layout-constrained wp-container-core-group-is-layout-d89aad35 wp-block-group-is-layout-constrained\" style=\"background-color:#ffffff;margin-top:0;margin-bottom:0;padding-top:var(--wp--preset--spacing--50);padding-right:var(--wp--preset--spacing--50);padding-bottom:var(--wp--preset--spacing--50);padding-left:var(--wp--preset--spacing--50)\">\n<div class=\"wp-block-group alignwide has-global-padding is-layout-constrained wp-container-core-group-is-layout-39412042 wp-block-group-is-layout-constrained\" style=\"border-radius:16px;padding-top:var(--wp--preset--spacing--40);padding-right:var(--wp--preset--spacing--50);padding-bottom:var(--wp--preset--spacing--40);padding-left:var(--wp--preset--spacing--50)\">\n<div style=\"height:var(--wp--preset--spacing--10)\" aria-hidden=\"true\" class=\"wp-block-spacer\"><\/div>\n\n\n\n<h2 class=\"wp-block-heading has-text-align-center has-x-large-font-size\">Donaciones<\/h2>\n\n\n\n<h4 class=\"wp-block-heading has-text-align-center\">Cada donaci\u00f3n es valiosa.<\/h4>\n\n\n\n<p class=\"has-text-align-center\">Estar\u00edamos encantados de que apoyara el centro de contacto para desempleados con una contribuci\u00f3n.<\/p>\n\n\n\n<div class=\"wp-block-buttons is-content-justification-center is-layout-flex wp-container-core-buttons-is-layout-a89b3969 wp-block-buttons-is-layout-flex\">\n<div class=\"wp-block-button\"><a class=\"wp-block-button__link wp-element-button\" href=\"https:\/\/donate.raisenow.io\/gbfzm?external=1\" target=\"_blank\" rel=\"noreferrer noopener\">DONAR POR TWINT<\/a><\/div>\n<\/div>\n\n\n\n<div style=\"height:var(--wp--preset--spacing--10)\" aria-hidden=\"true\" class=\"wp-block-spacer\"><\/div>\n<\/div>\n<\/div>","protected":false},"excerpt":{"rendered":"<p>Die Fachstelle f\u00fcr Fragen zu Arbeit, Arbeitslosigkeit und Existenzsicherung Beratung und Projekte zu Arbeit, Arbeitslosigkeit und Existenzsicherung. Beratung Wir beraten zu Fragen der Arbeit, Arbeitslosigkeit und Existenzsicherung. Projekte Wir setzen im Raum Basel gemeinschaftliche Selbsthilfeprojekte um. \u00dcber uns Erfahre mehr \u00fcber uns, dem Verein und den Menschen, die hier T\u00e4tig sind. Termine Aktuelles Spenden Jede [&hellip;]<\/p>\n","protected":false},"author":8,"featured_media":0,"parent":0,"menu_order":0,"comment_status":"closed","ping_status":"closed","template":"","meta":{"footnotes":""},"class_list":["post-15918","page","type-page","status-publish","hentry"],"_links":{"self":[{"href":"https:\/\/kstbasel.ch\/es\/wp-json\/wp\/v2\/pages\/15918","targetHints":{"allow":["GET"]}}],"collection":[{"href":"https:\/\/kstbasel.ch\/es\/wp-json\/wp\/v2\/pages"}],"about":[{"href":"https:\/\/kstbasel.ch\/es\/wp-json\/wp\/v2\/types\/page"}],"author":[{"embeddable":true,"href":"https:\/\/kstbasel.ch\/es\/wp-json\/wp\/v2\/users\/8"}],"replies":[{"embeddable":true,"href":"https:\/\/kstbasel.ch\/es\/wp-json\/wp\/v2\/comments?post=15918"}],"version-history":[{"count":53,"href":"https:\/\/kstbasel.ch\/es\/wp-json\/wp\/v2\/pages\/15918\/revisions"}],"predecessor-version":[{"id":18045,"href":"https:\/\/kstbasel.ch\/es\/wp-json\/wp\/v2\/pages\/15918\/revisions\/18045"}],"wp:attachment":[{"href":"https:\/\/kstbasel.ch\/es\/wp-json\/wp\/v2\/media?parent=15918"}],"curies":[{"name":"wp","href":"https:\/\/api.w.org\/{rel}","templated":true}]}}